{"id":119,"date":"2018-11-01T04:32:21","date_gmt":"2018-11-01T04:32:21","guid":{"rendered":"http:\/\/localhost\/industro\/?page_id=119"},"modified":"2021-03-03T10:26:36","modified_gmt":"2021-03-03T07:26:36","slug":"iletisim","status":"publish","type":"page","link":"https:\/\/merihticaret.com.tr\/index.php\/iletisim\/","title":{"rendered":"\u0130leti\u015fim"},"content":{"rendered":"<p>[vc_row full_width=&#8221;stretch_row_content_no_spaces&#8221; fullwidth=&#8221;true&#8221;][vc_column][vc_gmaps link=&#8221;#E-8_JTNDaWZyYW1lJTIwc3JjJTNEJTIyaHR0cHMlM0ElMkYlMkZ3d3cuZ29vZ2xlLmNvbSUyRm1hcHMlMkZlbWJlZCUzRnBiJTNEJTIxMW0xNCUyMTFtOCUyMTFtMyUyMTFkMzA1MDMuMzY3ODU4MDA2NTY4JTIxMmQyNy4yMzE1NjclMjEzZDM4LjQzNjU4JTIxM20yJTIxMWkxMDI0JTIxMmk3NjglMjE0ZjEzLjElMjEzbTMlMjExbTIlMjExczB4MCUyNTNBMHg1Yzk2NWUxODZjNmE4NGIlMjEyc01lcmloJTI1MjBUaWNhcmV0JTIxNWUxJTIxM20yJTIxMXN0ciUyMTJzdHIlMjE0djE2MDY0NzkwNjIxMzYlMjE1bTIlMjExc3RyJTIxMnN0ciUyMiUyMHdpZHRoJTNEJTIyNjAwJTIyJTIwaGVpZ2h0JTNEJTIyNDUwJTIyJTIwZnJhbWVib3JkZXIlM0QlMjIwJTIyJTIwc3R5bGUlM0QlMjJib3JkZXIlM0EwJTNCJTIyJTIwYWxsb3dmdWxsc2NyZWVuJTNEJTIyJTIyJTIwYXJpYS1oaWRkZW4lM0QlMjJmYWxzZSUyMiUyMHRhYmluZGV4JTNEJTIyMCUyMiUzRSUzQyUyRmlmcmFtZSUzRQ==&#8221; css=&#8221;.vc_custom_1614755857964{margin-bottom: 0px !important;}&#8221;][vc_custom_heading text=&#8221;\u0130leti\u015fim Bilgileri&#8221; font_container=&#8221;tag:h2|text_align:center&#8221; use_theme_fonts=&#8221;yes&#8221; css=&#8221;.vc_custom_1614756361281{margin-bottom: 40px !important;}&#8221;][vc_column_text]<\/p>\n<p style=\"text-align: center;\">Detayl\u0131 bilgi almak i\u00e7in bizimle ileti\u015fime ge\u00e7in ve sizlere kendimizden daha iyi bahsedelim.<\/p>\n<p>[\/vc_column_text][\/vc_column][\/vc_row][vc_row css=&#8221;.vc_custom_1541146563758{padding-top: 100px !important;padding-bottom: 100px !important;}&#8221;][vc_column width=&#8221;1\/2&#8243; offset=&#8221;vc_col-md-5&#8243;][vc_custom_heading text=&#8221;Merkez&#8221; use_theme_fonts=&#8221;yes&#8221; css=&#8221;.vc_custom_1614755938234{margin-bottom: 40px !important;}&#8221;]\n    <div class=\"contact-info \">\n        <i class=\"fas fa-location-arrow\"><\/i>\n        <div class=\"info\">\n            <h5>Adres<\/h5>\n            <p>Karacao\u011flan Mah. 6170 Sokak No: 9\/13 Bornova \/ \u0130ZM\u0130R<\/p>\n        <\/div>\n    <\/div>\n\n\n    <div class=\"contact-info \">\n        <i class=\"fas fa-envelope\"><\/i>\n        <div class=\"info\">\n            <h5>E-Posta<\/h5>\n            <p><a href=\"mailto:info@merihticaret.com.tr\">info@merihticaret.com.tr<\/a><\/p>\n        <\/div>\n    <\/div>\n\n\n    <div class=\"contact-info \">\n        <i class=\"fas fa-phone-alt\"><\/i>\n        <div class=\"info\">\n            <h5>Telefon<\/h5>\n            <p><a href=\"tel:+90 (232) 472 22 95\">+90 (232) 472 22 95<\/a><br \/>\n<a href=\"Cep tel:+90 (533) 742 61 13\">+90 (533) 742 61 13<\/a><\/p>\n        <\/div>\n    <\/div>\n\n[\/vc_column][vc_column width=&#8221;1\/2&#8243; offset=&#8221;vc_col-md-7&#8243;][vc_custom_heading text=&#8221;\u015eube Adresi&#8221; use_theme_fonts=&#8221;yes&#8221; css=&#8221;.vc_custom_1614756032147{margin-bottom: 40px !important;}&#8221;]\n    <div class=\"contact-info \">\n        <i class=\"fas fa-location-arrow\"><\/i>\n        <div class=\"info\">\n            <h5>Adres<\/h5>\n            <p>Re\u015fat bey mahallesi. G\u0131da imalat\u00e7\u0131lar\u0131 \u00e7ar\u015f\u0131s\u0131 No:9\/16 Akhisar MAN\u0130SA<\/p>\n        <\/div>\n    <\/div>\n\n\n    <div class=\"contact-info \">\n        <i class=\"fas fa-envelope\"><\/i>\n        <div class=\"info\">\n            <h5>E-Posta<\/h5>\n            <p><a href=\"mailto:info@merihticaret.com.tr\">info@merihticaret.com.tr<\/a><\/p>\n        <\/div>\n    <\/div>\n\n\n    <div class=\"contact-info \">\n        <i class=\"fas fa-phone-alt\"><\/i>\n        <div class=\"info\">\n            <h5>Telefon<\/h5>\n            <p><a href=\"tel:+90 (232) 472 22 95\">+90 (232) 472 22 95<\/a><br \/>\n<a href=\"Cep tel:+90 (533) 742 61 13\">+90 (533) 742 61 13<\/a><\/p>\n        <\/div>\n    <\/div>\n\n[\/vc_column][\/vc_row][vc_row][vc_column][vc_custom_heading text=&#8221;Bize Ula\u015f\u0131n&#8221; use_theme_fonts=&#8221;yes&#8221; css=&#8221;.vc_custom_1614756076766{margin-bottom: 43px !important;}&#8221;]\n<div class=\"wpcf7 no-js\" id=\"wpcf7-f118-o1\" lang=\"en-US\" dir=\"ltr\">\n<div class=\"screen-reader-response\"><p role=\"status\" aria-live=\"polite\" aria-atomic=\"true\"><\/p> <ul><\/ul><\/div>\n<form action=\"\/index.php\/wp-json\/wp\/v2\/pages\/119#wpcf7-f118-o1\" method=\"post\" class=\"wpcf7-form init\" aria-label=\"Contact form\" novalidate=\"novalidate\" data-status=\"init\">\n<div style=\"display: none;\">\n<input type=\"hidden\" name=\"_wpcf7\" value=\"118\" \/>\n<input type=\"hidden\" name=\"_wpcf7_version\" value=\"5.7.6\" \/>\n<input type=\"hidden\" name=\"_wpcf7_locale\" value=\"en_US\" \/>\n<input type=\"hidden\" name=\"_wpcf7_unit_tag\" value=\"wpcf7-f118-o1\" \/>\n<input type=\"hidden\" name=\"_wpcf7_container_post\" value=\"0\" \/>\n<input type=\"hidden\" name=\"_wpcf7_posted_data_hash\" value=\"\" \/>\n<\/div>\n<p><span class=\"wpcf7-form-control-wrap\" data-name=\"your-name\"><input size=\"40\" class=\"wpcf7-form-control wpcf7-text wpcf7-validates-as-required\" aria-required=\"true\" aria-invalid=\"false\" placeholder=\"Ad\u0131n\u0131z\" value=\"\" type=\"text\" name=\"your-name\" \/><\/span>\n<\/p>\n<p><span class=\"wpcf7-form-control-wrap\" data-name=\"your-company\"><input size=\"40\" class=\"wpcf7-form-control wpcf7-text\" aria-invalid=\"false\" placeholder=\"\u0130\u015f Yeri\" value=\"\" type=\"text\" name=\"your-company\" \/><\/span>\n<\/p>\n<p><span class=\"wpcf7-form-control-wrap\" data-name=\"your-email\"><input size=\"40\" class=\"wpcf7-form-control wpcf7-text wpcf7-email wpcf7-validates-as-required wpcf7-validates-as-email\" aria-required=\"true\" aria-invalid=\"false\" placeholder=\"E-Posta\" value=\"\" type=\"email\" name=\"your-email\" \/><\/span>\n<\/p>\n<p><span class=\"wpcf7-form-control-wrap\" data-name=\"your-name\"><input size=\"40\" class=\"wpcf7-form-control wpcf7-text wpcf7-tel wpcf7-validates-as-tel\" aria-invalid=\"false\" placeholder=\"Telefon\" value=\"\" type=\"tel\" name=\"your-name\" \/><\/span>\n<\/p>\n<p><span class=\"wpcf7-form-control-wrap\" data-name=\"your-message\"><textarea cols=\"40\" rows=\"10\" class=\"wpcf7-form-control wpcf7-textarea wpcf7-validates-as-required\" aria-required=\"true\" aria-invalid=\"false\" placeholder=\"Mesaj\u0131n\u0131z\" name=\"your-message\"><\/textarea><\/span>\n<\/p>\n<p><input class=\"wpcf7-form-control has-spinner wpcf7-submit btn btn-large\" type=\"submit\" value=\"G\u00f6nder\" \/>\n<\/p><div class=\"wpcf7-response-output\" aria-hidden=\"true\"><\/div>\n<\/form>\n<\/div>\n[\/vc_column][\/vc_row]<\/p>\n","protected":false},"excerpt":{"rendered":"<p>[vc_row full_width=&#8221;stretch_row_content_no_spaces&#8221; fullwidth=&#8221;true&#8221;][vc_column][vc_gmaps link=&#8221;#E-8_JTNDaWZyYW1lJTIwc3JjJTNEJTIyaHR0cHMlM0ElMkYlMkZ3d3cuZ29vZ2xlLmNvbSUyRm1hcHMlMkZlbWJlZCUzRnBiJTNEJTIxMW0xNCUyMTFtOCUyMTFtMyUyMTFkMzA1MDMuMzY3ODU4MDA2NTY4JTIxMmQyNy4yMzE1NjclMjEzZDM4LjQzNjU4JTIxM20yJTIxMWkxMDI0JTIxMmk3NjglMjE0ZjEzLjElMjEzbTMlMjExbTIlMjExczB4MCUyNTNBMHg1Yzk2NWUxODZjNmE4NGIlMjEyc01lcmloJTI1MjBUaWNhcmV0JTIxNWUxJTIxM20yJTIxMXN0ciUyMTJzdHIlMjE0djE2MDY0NzkwNjIxMzYlMjE1bTIlMjExc3RyJTIxMnN0ciUyMiUyMHdpZHRoJTNEJTIyNjAwJTIyJTIwaGVpZ2h0JTNEJTIyNDUwJTIyJTIwZnJhbWVib3JkZXIlM0QlMjIwJTIyJTIwc3R5bGUlM0QlMjJib3JkZXIlM0EwJTNCJTIyJTIwYWxsb3dmdWxsc2NyZWVuJTNEJTIyJTIyJTIwYXJpYS1oaWRkZW4lM0QlMjJmYWxzZSUyMiUyMHRhYmluZGV4JTNEJTIyMCUyMiUzRSUzQyUyRmlmcmFtZSUzRQ==&#8221; css=&#8221;.vc_custom_1614755857964{margin-bottom: 0px !important;}&#8221;][vc_custom_heading text=&#8221;\u0130leti\u015fim Bilgileri&#8221; font_container=&#8221;tag:h2|text_align:center&#8221; use_theme_fonts=&#8221;yes&#8221; css=&#8221;.vc_custom_1614756361281{margin-bottom: 40px !important;}&#8221;][vc_column_text] Detayl\u0131 bilgi almak i\u00e7in bizimle ileti\u015fime ge\u00e7in ve sizlere kendimizden daha iyi bahsedelim. [\/vc_column_text][\/vc_column][\/vc_row][vc_row css=&#8221;.vc_custom_1541146563758{padding-top: 100px !important;padding-bottom: 100px !important;}&#8221;][vc_column width=&#8221;1\/2&#8243; offset=&#8221;vc_col-md-5&#8243;][vc_custom_heading text=&#8221;Merkez&#8221; use_theme_fonts=&#8221;yes&#8221; css=&#8221;.vc_custom_1614755938234{margin-bottom: 40px !important;}&#8221;][\/vc_column][vc_column width=&#8221;1\/2&#8243; offset=&#8221;vc_col-md-7&#8243;][vc_custom_heading text=&#8221;\u015eube Adresi&#8221; use_theme_fonts=&#8221;yes&#8221; css=&#8221;.vc_custom_1614756032147{margin-bottom: 40px !important;}&#8221;][\/vc_column][\/vc_row][vc_row][vc_column][vc_custom_heading text=&#8221;Bize Ula\u015f\u0131n&#8221; use_theme_fonts=&#8221;yes&#8221; css=&#8221;.vc_custom_1614756076766{margin-bottom: 43px !important;}&#8221;][\/vc_column][\/vc_row]<\/p>\n","protected":false},"author":1,"featured_media":0,"parent":0,"menu_order":0,"comment_status":"closed","ping_status":"closed","template":"","meta":{"footnotes":""},"class_list":["post-119","page","type-page","status-publish","hentry"],"_links":{"self":[{"href":"https:\/\/merihticaret.com.tr\/index.php\/wp-json\/wp\/v2\/pages\/119","targetHints":{"allow":["GET"]}}],"collection":[{"href":"https:\/\/merihticaret.com.tr\/index.php\/wp-json\/wp\/v2\/pages"}],"about":[{"href":"https:\/\/merihticaret.com.tr\/index.php\/wp-json\/wp\/v2\/types\/page"}],"author":[{"embeddable":true,"href":"https:\/\/merihticaret.com.tr\/index.php\/wp-json\/wp\/v2\/users\/1"}],"replies":[{"embeddable":true,"href":"https:\/\/merihticaret.com.tr\/index.php\/wp-json\/wp\/v2\/comments?post=119"}],"version-history":[{"count":4,"href":"https:\/\/merihticaret.com.tr\/index.php\/wp-json\/wp\/v2\/pages\/119\/revisions"}],"predecessor-version":[{"id":1230,"href":"https:\/\/merihticaret.com.tr\/index.php\/wp-json\/wp\/v2\/pages\/119\/revisions\/1230"}],"wp:attachment":[{"href":"https:\/\/merihticaret.com.tr\/index.php\/wp-json\/wp\/v2\/media?parent=119"}],"curies":[{"name":"wp","href":"https:\/\/api.w.org\/{rel}","templated":true}]}}