{"id":172,"date":"2018-11-20T03:03:42","date_gmt":"2018-11-20T03:03:42","guid":{"rendered":"http:\/\/localhost\/industro\/?page_id=172"},"modified":"2021-03-03T10:59:34","modified_gmt":"2021-03-03T07:59:34","slug":"home-1","status":"publish","type":"page","link":"https:\/\/merihticaret.com.tr\/","title":{"rendered":"Anasayfa"},"content":{"rendered":"<p>[vc_row full_width=&#8221;stretch_row_content_no_spaces&#8221; fullwidth=&#8221;true&#8221;][vc_column][rev_slider_vc alias=&#8221;slider-1&#8243;][\/vc_column][\/vc_row][vc_row css=&#8221;.vc_custom_1542787015577{padding-top: 50px !important;background-color: #f0f1f6 !important;}&#8221;][vc_column offset=&#8221;vc_col-md-5&#8243;][vc_column_text css=&#8221;.vc_custom_1614754555374{margin-bottom: 27px !important;padding-top: 50px !important;}&#8221;]<\/p>\n<p class=\"subtitle\">Merih Sinai Gazlar Kimdir ?<\/p>\n<h2>Hakk\u0131m\u0131zda<\/h2>\n<p>[\/vc_column_text][vc_column_text]2002 y\u0131l\u0131ndan bu yana End\u00fcstriyel, Medikal Gazlar ve Ekipmanlar\u0131 sat\u0131\u015f\u0131nda faaliyet g\u00f6steren Merih Sinai Gazlar geni\u015f teknik kadrosu ve konusunda uzman personeli ile alan\u0131nda en y\u00fcksek kalitede \u00fcr\u00fcn ve hizmeti m\u00fc\u015fterilerine sunmay\u0131 g\u00f6rev edinmi\u015ftir.<\/p>\n<p>Firmam\u0131z\u00a0Linde Gaz A.\u015e. Sat\u0131\u015f orta\u011f\u0131 olup t\u00fcm \u00fcr\u00fcnleri Linde Gaz kalitesi ve g\u00fcvencesi alt\u0131ndad\u0131r. Emniyet ve Kalite kavramlar\u0131n\u0131 temel kabul ederek, yerli ve ithal \u00fcr\u00fcn gruplar\u0131n\u0131n tamam\u0131nda, sadece \u00fcr\u00fcn tedarik etmekle kalmay\u0131p, sat\u0131\u015f sonras\u0131 teknik destek sa\u011flamaya da devam etmektedir.[\/vc_column_text][\/vc_column][vc_column offset=&#8221;vc_col-md-offset-1 vc_col-md-6&#8243;][vc_single_image image=&#8221;1209&#8243; img_size=&#8221;full&#8221; alignment=&#8221;center&#8221; css=&#8221;.vc_custom_1614754579285{margin-bottom: 0px !important;}&#8221;][\/vc_column][\/vc_row][vc_row equal_height=&#8221;yes&#8221; content_placement=&#8221;bottom&#8221; css=&#8221;.vc_custom_1542788180377{padding-top: 100px !important;padding-bottom: 100px !important;background-color: #f7f7f7 !important;}&#8221;][vc_column][vc_column_text css=&#8221;.vc_custom_1614754603924{margin-bottom: 100px !important;}&#8221;]<\/p>\n<h2>Merih Sinai Gazlar<\/h2>\n<p>Sizlere \u00fcr\u00fcnlerimiz hakk\u0131nda daha fazla bilgi vererek, \u00fcr\u00fcnlerimizi daha kullan\u0131\u015fl\u0131 ve g\u00fcvenli kullanman\u0131z\u0131 sa\u011fl\u0131yoruz. Verdi\u011fimiz hizmet kalitesi hi\u00e7 de\u011fi\u015fmeyecek.[\/vc_column_text][\/vc_column][vc_column width=&#8221;1\/2&#8243; offset=&#8221;vc_col-md-3&#8243;]\n    <div class=\"icon-box  \">\n                <img decoding=\"async\" src=\"https:\/\/merihticaret.com.tr\/wp-content\/uploads\/2018\/11\/industry.png\" alt=\"icon\">        <div class=\"content-box\">\n            <h5>Kimyasal \u00dcr\u00fcn Kimli\u011fi ve Kullan\u0131m Alanlar\u0131<\/h5>\n            <p>Her \u00fcr\u00fcn\u00fcn kimyasal \u00fcr\u00fcn kimli\u011fiyle beraber kullan\u0131m alanlar\u0131 sunulmaktad\u0131r.<\/p>\n                    <\/div>\n    <\/div>\n\n    [vc_empty_space height=&#8221;40px&#8221; el_class=&#8221;lg-hidden&#8221;][\/vc_column][vc_column width=&#8221;1\/2&#8243; offset=&#8221;vc_col-md-3&#8243;]\n    <div class=\"icon-box  \">\n                <img decoding=\"async\" src=\"https:\/\/merihticaret.com.tr\/wp-content\/uploads\/2018\/11\/mass-production.png\" alt=\"icon\">        <div class=\"content-box\">\n            <h5>Fiziksel ve Kimyasal \u00d6zellikler<\/h5>\n            <p>Her gaz\u0131n fiziksel ve kimyasal \u00f6zelliklerini tabloyla sizlerle payla\u015f\u0131yoruz<\/p>\n                    <\/div>\n    <\/div>\n\n    [vc_empty_space height=&#8221;40px&#8221; el_class=&#8221;lg-hidden&#8221;][\/vc_column][vc_column width=&#8221;1\/2&#8243; offset=&#8221;vc_col-md-3&#8243;]\n    <div class=\"icon-box  \">\n                <img decoding=\"async\" src=\"https:\/\/merihticaret.com.tr\/wp-content\/uploads\/2018\/11\/oil-platform.png\" alt=\"icon\">        <div class=\"content-box\">\n            <h5>Tehlike Unsurlar\u0131n\u0131n Tan\u0131mlanmas\u0131<\/h5>\n            <p>Gazlar\u0131n kullan\u0131m\u0131nda tehlike olu\u015fturacak unsurlar belirtilip bilgilendirme yap\u0131lmaktad\u0131r.<\/p>\n                    <\/div>\n    <\/div>\n\n    [vc_empty_space height=&#8221;40px&#8221; el_class=&#8221;md-hidden lg-hidden&#8221;][\/vc_column][vc_column width=&#8221;1\/2&#8243; offset=&#8221;vc_col-md-3&#8243;]\n    <div class=\"icon-box  \">\n                <img decoding=\"async\" src=\"https:\/\/merihticaret.com.tr\/wp-content\/uploads\/2018\/11\/buildings.png\" alt=\"icon\">        <div class=\"content-box\">\n            <h5>\u0130lk Yard\u0131m Uygulamalar\u0131 ve Yap\u0131lmas\u0131 Gerekenler<\/h5>\n            <p>Gazlarla \u00e7al\u0131\u015fma ko\u015fullar\u0131nda maruz kal\u0131nd\u0131\u011f\u0131nda yap\u0131lmas\u0131 gerekenleri anlat\u0131yoruz<\/p>\n                    <\/div>\n    <\/div>\n\n    [\/vc_column][\/vc_row][vc_row css=&#8221;.vc_custom_1544068045574{padding-top: 100px !important;padding-bottom: 100px !important;background-image: url(http:\/\/wpdemo2.oceanthemes.net\/industro\/wp-content\/uploads\/sites\/3\/2018\/11\/bg-home-dark.png?id=544) !important;background-position: center !important;background-repeat: no-repeat !important;background-size: cover !important;}&#8221;][vc_column offset=&#8221;vc_col-md-6&#8243;][vc_column_text el_class=&#8221;text-light&#8221;]<\/p>\n<h1><span class=\"lighter\">T\u00fcrkiye\u2019de<\/span><\/h1>\n<h1>Verdi\u011fimiz Hizmetin Zirvesindeyiz<\/h1>\n<p>T\u00fcrkiye\u2019 de gaz sekt\u00f6r\u00fcnde bir \u00e7ok firmaya \u00f6nc\u00fcl\u00fck yapmaktay\u0131z.[\/vc_column_text][vc_row_inner][vc_column_inner width=&#8221;1\/3&#8243; offset=&#8221;vc_col-xs-4&#8243;]\n    <div class=\"fun-facts \">\n        <div class=\"number-fact\">\n            <span class=\"number\" data-to=\"19\" data-inviewport=\"yes\">0<\/span>\n        <\/div>\n        <div class=\"title-fact\">\n            Y\u0131ll\u0131k            <span class=\"text-primary\">Tecr\u00fcbe<\/span>\n        <\/div>\n    <\/div>\n\n    [\/vc_column_inner][\/vc_row_inner][vc_empty_space height=&#8221;60px&#8221; el_class=&#8221;lg-hidden&#8221;][\/vc_column][vc_column offset=&#8221;vc_col-md-6&#8243;][vc_single_image image=&#8221;1213&#8243; img_size=&#8221;full&#8221; alignment=&#8221;center&#8221; css=&#8221;.vc_custom_1614754783677{margin-bottom: 0px !important;}&#8221; el_class=&#8221;lg-right-80&#8243;][\/vc_column][\/vc_row][vc_row el_class=&#8221;bg-primary call-to-action&#8221; css=&#8221;.vc_custom_1542184444490{padding-top: 52px !important;padding-bottom: 52px !important;}&#8221;][vc_column offset=&#8221;vc_col-md-8&#8243;][vc_custom_heading text=&#8221;Detayl\u0131 bilgi almak i\u00e7in bizimle ileti\u015fime ge\u00e7in&#8221; font_container=&#8221;tag:h3|text_align:left|color:%23ffffff&#8221; use_theme_fonts=&#8221;yes&#8221; css=&#8221;.vc_custom_1614754887037{margin-top: 10px !important;margin-bottom: 0px !important;}&#8221;][\/vc_column][vc_column offset=&#8221;vc_col-md-4&#8243;]\n    <div class=\"text-right\">\n        <a class=\"btn btn-medium btn-light  \" href=\"#\" style=\"\">\u0130leti\u015fim<\/a>\n    <\/div>\n\n    [\/vc_column][\/vc_row]<\/p>\n","protected":false},"excerpt":{"rendered":"<p>[vc_row full_width=&#8221;stretch_row_content_no_spaces&#8221; fullwidth=&#8221;true&#8221;][vc_column][rev_slider_vc alias=&#8221;slider-1&#8243;][\/vc_column][\/vc_row][vc_row css=&#8221;.vc_custom_1542787015577{padding-top: 50px !important;background-color: #f0f1f6 !important;}&#8221;][vc_column offset=&#8221;vc_col-md-5&#8243;][vc_column_text css=&#8221;.vc_custom_1614754555374{margin-bottom: 27px !important;padding-top: 50px !important;}&#8221;] Merih Sinai Gazlar Kimdir ? Hakk\u0131m\u0131zda [\/vc_column_text][vc_column_text]2002 y\u0131l\u0131ndan bu yana End\u00fcstriyel, Medikal Gazlar ve Ekipmanlar\u0131 sat\u0131\u015f\u0131nda faaliyet g\u00f6steren Merih Sinai Gazlar geni\u015f teknik kadrosu ve konusunda uzman personeli ile alan\u0131nda en y\u00fcksek kalitede \u00fcr\u00fcn ve hizmeti m\u00fc\u015fterilerine sunmay\u0131 g\u00f6rev edinmi\u015ftir. [&hellip;]<\/p>\n","protected":false},"author":1,"featured_media":0,"parent":0,"menu_order":0,"comment_status":"closed","ping_status":"closed","template":"","meta":{"footnotes":""},"class_list":["post-172","page","type-page","status-publish","hentry"],"_links":{"self":[{"href":"https:\/\/merihticaret.com.tr\/index.php\/wp-json\/wp\/v2\/pages\/172","targetHints":{"allow":["GET"]}}],"collection":[{"href":"https:\/\/merihticaret.com.tr\/index.php\/wp-json\/wp\/v2\/pages"}],"about":[{"href":"https:\/\/merihticaret.com.tr\/index.php\/wp-json\/wp\/v2\/types\/page"}],"author":[{"embeddable":true,"href":"https:\/\/merihticaret.com.tr\/index.php\/wp-json\/wp\/v2\/users\/1"}],"replies":[{"embeddable":true,"href":"https:\/\/merihticaret.com.tr\/index.php\/wp-json\/wp\/v2\/comments?post=172"}],"version-history":[{"count":2,"href":"https:\/\/merihticaret.com.tr\/index.php\/wp-json\/wp\/v2\/pages\/172\/revisions"}],"predecessor-version":[{"id":1246,"href":"https:\/\/merihticaret.com.tr\/index.php\/wp-json\/wp\/v2\/pages\/172\/revisions\/1246"}],"wp:attachment":[{"href":"https:\/\/merihticaret.com.tr\/index.php\/wp-json\/wp\/v2\/media?parent=172"}],"curies":[{"name":"wp","href":"https:\/\/api.w.org\/{rel}","templated":true}]}}