{"id":402,"date":"2018-11-16T07:42:06","date_gmt":"2018-11-16T07:42:06","guid":{"rendered":"http:\/\/localhost\/industro\/?page_id=402"},"modified":"2021-03-03T10:43:51","modified_gmt":"2021-03-03T07:43:51","slug":"urunlerimiz","status":"publish","type":"page","link":"https:\/\/merihticaret.com.tr\/index.php\/urunlerimiz\/","title":{"rendered":"\u00dcr\u00fcnlerimiz"},"content":{"rendered":"<p>[vc_row][vc_column][vc_empty_space height=&#8221;50px&#8221;][\/vc_column][\/vc_row][vc_row][vc_column width=&#8221;1\/2&#8243;][vc_hoverbox image=&#8221;1200&#8243; primary_title=&#8221;End\u00fcstriyel Gazlar&#8221; primary_title_font_container=&#8221;color:%23ffffff&#8221; hover_title=&#8221;End\u00fcstriyel Gazlar&#8221; hover_btn_title=&#8221;End\u00fcstriyel Gazlar&#8221; hover_btn_color=&#8221;inverse&#8221; use_custom_fonts_primary_title=&#8221;true&#8221; hover_add_button=&#8221;true&#8221; hover_btn_link=&#8221;url:https%3A%2F%2Fmerihticaret.com.tr%2Findex.php%2Fproduct-category%2Fendustriyel-gazlar%2F|title:Shop&#8221;]End\u00fcstriyel Gazlar\u0131m\u0131z\u0131 G\u00f6rmek \u0130\u00e7in T\u0131klay\u0131n\u0131z.[\/vc_hoverbox][vc_row_inner][vc_column_inner][vc_empty_space height=&#8221;20px&#8221;][vc_hoverbox image=&#8221;1210&#8243; primary_title=&#8221;Gaz Ekipmanlar\u0131&#8221; primary_title_font_container=&#8221;color:%23ffffff&#8221; hover_title=&#8221;Gaz Ekipmanlar\u0131&#8221; hover_btn_title=&#8221;Gaz Ekipmanlar\u0131&#8221; hover_btn_color=&#8221;inverse&#8221; use_custom_fonts_primary_title=&#8221;true&#8221; hover_add_button=&#8221;true&#8221; hover_btn_link=&#8221;url:https%3A%2F%2Fmerihticaret.com.tr%2Findex.php%2Fproduct-category%2Fgaz-ekipmanlari%2F|title:Shop&#8221;]Gaz Ekipmanlar\u0131m\u0131z\u0131 G\u00f6rmek \u0130\u00e7in T\u0131klay\u0131n\u0131z.[\/vc_hoverbox][\/vc_column_inner][\/vc_row_inner][\/vc_column][vc_column width=&#8221;1\/2&#8243;][vc_hoverbox image=&#8221;1212&#8243; primary_title=&#8221;Kaynak Gazlar\u0131&#8221; primary_title_font_container=&#8221;color:%23ffffff&#8221; hover_title=&#8221;Kaynak Gazlar\u0131&#8221; hover_btn_title=&#8221;Kaynak Gazlar\u0131&#8221; hover_btn_color=&#8221;inverse&#8221; use_custom_fonts_primary_title=&#8221;true&#8221; hover_add_button=&#8221;true&#8221; hover_btn_link=&#8221;url:https%3A%2F%2Fmerihticaret.com.tr%2Findex.php%2Fproduct-category%2Fkaynak-gazlari%2F|title:Shop&#8221;]Kaynak Gazlar\u0131m\u0131z\u0131 G\u00f6rmek \u0130\u00e7in T\u0131klay\u0131n\u0131z.[\/vc_hoverbox][vc_row_inner][vc_column_inner][vc_empty_space height=&#8221;20px&#8221;][vc_hoverbox image=&#8221;1199&#8243; primary_title=&#8221;\u00d6zel Gazlar&#8221; primary_title_font_container=&#8221;color:%23ffffff&#8221; hover_title=&#8221;\u00d6zel Gazlar\u0131&#8221; hover_btn_title=&#8221;\u00d6zel Gazlar&#8221; hover_btn_color=&#8221;inverse&#8221; use_custom_fonts_primary_title=&#8221;true&#8221; hover_add_button=&#8221;true&#8221; hover_btn_link=&#8221;url:https%3A%2F%2Fmerihticaret.com.tr%2Findex.php%2Fproduct-category%2Fozel-gazlar%2F|title:Shop&#8221;]\u00d6zel Gazlar\u0131m\u0131z\u0131 G\u00f6rmek \u0130\u00e7in T\u0131klay\u0131n\u0131z.[\/vc_hoverbox][\/vc_column_inner][\/vc_row_inner][\/vc_column][\/vc_row][vc_row][vc_column][vc_empty_space height=&#8221;20px&#8221;][vc_hoverbox image=&#8221;1211&#8243; primary_title=&#8221;G\u0131da Gazlar\u0131&#8221; primary_title_font_container=&#8221;color:%23ffffff&#8221; hover_title=&#8221;G\u0131da Gazlar\u0131&#8221; hover_btn_title=&#8221;G\u0131da Gazlar\u0131&#8221; hover_btn_color=&#8221;inverse&#8221; use_custom_fonts_primary_title=&#8221;true&#8221; hover_add_button=&#8221;true&#8221; hover_btn_link=&#8221;url:https%3A%2F%2Fmerihticaret.com.tr%2Findex.php%2Fproduct-category%2Fgida-gazlari%2F|title:Shop&#8221;]G\u0131da Gazlar\u0131m\u0131z\u0131 G\u00f6rmek \u0130\u00e7in T\u0131klay\u0131n\u0131z.[\/vc_hoverbox][\/vc_column][\/vc_row]<\/p>\n","protected":false},"excerpt":{"rendered":"<p>[vc_row][vc_column][vc_empty_space height=&#8221;50px&#8221;][\/vc_column][\/vc_row][vc_row][vc_column width=&#8221;1\/2&#8243;][vc_hoverbox image=&#8221;1200&#8243; primary_title=&#8221;End\u00fcstriyel Gazlar&#8221; primary_title_font_container=&#8221;color:%23ffffff&#8221; hover_title=&#8221;End\u00fcstriyel Gazlar&#8221; hover_btn_title=&#8221;End\u00fcstriyel Gazlar&#8221; hover_btn_color=&#8221;inverse&#8221; use_custom_fonts_primary_title=&#8221;true&#8221; hover_add_button=&#8221;true&#8221; hover_btn_link=&#8221;url:https%3A%2F%2Fmerihticaret.com.tr%2Findex.php%2Fproduct-category%2Fendustriyel-gazlar%2F|title:Shop&#8221;]End\u00fcstriyel Gazlar\u0131m\u0131z\u0131 G\u00f6rmek \u0130\u00e7in T\u0131klay\u0131n\u0131z.[\/vc_hoverbox][vc_row_inner][vc_column_inner][vc_empty_space height=&#8221;20px&#8221;][vc_hoverbox image=&#8221;1210&#8243; primary_title=&#8221;Gaz Ekipmanlar\u0131&#8221; primary_title_font_container=&#8221;color:%23ffffff&#8221; hover_title=&#8221;Gaz Ekipmanlar\u0131&#8221; hover_btn_title=&#8221;Gaz Ekipmanlar\u0131&#8221; hover_btn_color=&#8221;inverse&#8221; use_custom_fonts_primary_title=&#8221;true&#8221; hover_add_button=&#8221;true&#8221; hover_btn_link=&#8221;url:https%3A%2F%2Fmerihticaret.com.tr%2Findex.php%2Fproduct-category%2Fgaz-ekipmanlari%2F|title:Shop&#8221;]Gaz Ekipmanlar\u0131m\u0131z\u0131 G\u00f6rmek \u0130\u00e7in T\u0131klay\u0131n\u0131z.[\/vc_hoverbox][\/vc_column_inner][\/vc_row_inner][\/vc_column][vc_column width=&#8221;1\/2&#8243;][vc_hoverbox image=&#8221;1212&#8243; primary_title=&#8221;Kaynak Gazlar\u0131&#8221; primary_title_font_container=&#8221;color:%23ffffff&#8221; hover_title=&#8221;Kaynak Gazlar\u0131&#8221; hover_btn_title=&#8221;Kaynak Gazlar\u0131&#8221; hover_btn_color=&#8221;inverse&#8221; use_custom_fonts_primary_title=&#8221;true&#8221; hover_add_button=&#8221;true&#8221; hover_btn_link=&#8221;url:https%3A%2F%2Fmerihticaret.com.tr%2Findex.php%2Fproduct-category%2Fkaynak-gazlari%2F|title:Shop&#8221;]Kaynak Gazlar\u0131m\u0131z\u0131 G\u00f6rmek \u0130\u00e7in T\u0131klay\u0131n\u0131z.[\/vc_hoverbox][vc_row_inner][vc_column_inner][vc_empty_space height=&#8221;20px&#8221;][vc_hoverbox image=&#8221;1199&#8243; [&hellip;]<\/p>\n","protected":false},"author":1,"featured_media":0,"parent":0,"menu_order":0,"comment_status":"closed","ping_status":"closed","template":"","meta":{"footnotes":""},"class_list":["post-402","page","type-page","status-publish","hentry"],"_links":{"self":[{"href":"https:\/\/merihticaret.com.tr\/index.php\/wp-json\/wp\/v2\/pages\/402","targetHints":{"allow":["GET"]}}],"collection":[{"href":"https:\/\/merihticaret.com.tr\/index.php\/wp-json\/wp\/v2\/pages"}],"about":[{"href":"https:\/\/merihticaret.com.tr\/index.php\/wp-json\/wp\/v2\/types\/page"}],"author":[{"embeddable":true,"href":"https:\/\/merihticaret.com.tr\/index.php\/wp-json\/wp\/v2\/users\/1"}],"replies":[{"embeddable":true,"href":"https:\/\/merihticaret.com.tr\/index.php\/wp-json\/wp\/v2\/comments?post=402"}],"version-history":[{"count":3,"href":"https:\/\/merihticaret.com.tr\/index.php\/wp-json\/wp\/v2\/pages\/402\/revisions"}],"predecessor-version":[{"id":1234,"href":"https:\/\/merihticaret.com.tr\/index.php\/wp-json\/wp\/v2\/pages\/402\/revisions\/1234"}],"wp:attachment":[{"href":"https:\/\/merihticaret.com.tr\/index.php\/wp-json\/wp\/v2\/media?parent=402"}],"curies":[{"name":"wp","href":"https:\/\/api.w.org\/{rel}","templated":true}]}}