{"id":1020,"date":"2021-03-03T09:41:08","date_gmt":"2021-03-03T06:41:08","guid":{"rendered":"http:\/\/merihticaret.com.tr\/index.php\/product\/import-placeholder-for-1019\/"},"modified":"2024-07-11T09:35:27","modified_gmt":"2024-07-11T06:35:27","slug":"saf-azot","status":"publish","type":"product","link":"https:\/\/merihticaret.com.tr\/index.php\/product\/saf-azot\/","title":{"rendered":"Saf Azot"},"content":{"rendered":"<p>Kimyasallar\u0131n depolanmas\u0131nda yanma ve patlamalara \u00f6nlem olarak kullan\u0131l\u0131r. Ayr\u0131ca tanker, tank ve boru hatlar\u0131n\u0131n s\u00fcp\u00fcr\u00fclmesinde, elektronik, kimya, cam, \u00e7elik ve demird\u0131\u015f\u0131 metal \u00fcretim i\u015flemleri, malzemelerin \u0131s\u0131l i\u015flemleri, silo atmosferleri ve g\u0131da paketlemede kontroll\u00fc atmosfer olu\u015fturmak amac\u0131yla kullan\u0131l\u0131r. Meyve suyu ve me\u015frubat paketlemede kullan\u0131l\u0131r.<\/p>\n","protected":false},"excerpt":{"rendered":"<p>Kimyasallar\u0131n depolanmas\u0131nda yanma ve patlamalara \u00f6nlem olarak kullan\u0131l\u0131r. Ayr\u0131ca tanker, tank ve boru hatlar\u0131n\u0131n s\u00fcp\u00fcr\u00fclmesinde, elektronik, kimya, cam, \u00e7elik ve demird\u0131\u015f\u0131 metal \u00fcretim i\u015flemleri, malzemelerin \u0131s\u0131l i\u015flemleri, silo atmosferleri ve g\u0131da paketlemede kontroll\u00fc atmosfer olu\u015fturmak amac\u0131yla kullan\u0131l\u0131r. Meyve suyu ve me\u015frubat paketlemede kullan\u0131l\u0131r.<\/p>\n","protected":false},"featured_media":1050,"comment_status":"open","ping_status":"closed","template":"","meta":[],"product_cat":[39],"product_tag":[],"class_list":["post-1020","product","type-product","status-publish","has-post-thumbnail","hentry","product_cat-endustriyel-gazlar"],"_links":{"self":[{"href":"https:\/\/merihticaret.com.tr\/index.php\/wp-json\/wp\/v2\/product\/1020","targetHints":{"allow":["GET"]}}],"collection":[{"href":"https:\/\/merihticaret.com.tr\/index.php\/wp-json\/wp\/v2\/product"}],"about":[{"href":"https:\/\/merihticaret.com.tr\/index.php\/wp-json\/wp\/v2\/types\/product"}],"replies":[{"embeddable":true,"href":"https:\/\/merihticaret.com.tr\/index.php\/wp-json\/wp\/v2\/comments?post=1020"}],"wp:featuredmedia":[{"embeddable":true,"href":"https:\/\/merihticaret.com.tr\/index.php\/wp-json\/wp\/v2\/media\/1050"}],"wp:attachment":[{"href":"https:\/\/merihticaret.com.tr\/index.php\/wp-json\/wp\/v2\/media?parent=1020"}],"wp:term":[{"taxonomy":"product_cat","embeddable":true,"href":"https:\/\/merihticaret.com.tr\/index.php\/wp-json\/wp\/v2\/product_cat?post=1020"},{"taxonomy":"product_tag","embeddable":true,"href":"https:\/\/merihticaret.com.tr\/index.php\/wp-json\/wp\/v2\/product_tag?post=1020"}],"curies":[{"name":"wp","href":"https:\/\/api.w.org\/{rel}","templated":true}]}}