{"id":1024,"date":"2021-03-03T09:41:08","date_gmt":"2021-03-03T06:41:08","guid":{"rendered":"http:\/\/merihticaret.com.tr\/index.php\/product\/import-placeholder-for-1028\/"},"modified":"2023-06-06T21:29:06","modified_gmt":"2023-06-06T18:29:06","slug":"saf-karbondioksit","status":"publish","type":"product","link":"https:\/\/merihticaret.com.tr\/index.php\/product\/saf-karbondioksit\/","title":{"rendered":"Saf Karbondioksit"},"content":{"rendered":"<p>End\u00fcstriyel ve profesyonel olarak kullan\u0131l\u0131r. G\u0131da end\u00fcstrisinde yemeklerin so\u011futulmas\u0131nda ve dondurulmas\u0131nda kullan\u0131l\u0131r. \u00c7\u00f6z\u00fcn\u00fclebilirli\u011fi sayesinde ayn\u0131 zamanda b\u00fct\u00fcn i\u00e7eceklerin i\u00e7inde k\u00f6p\u00fck olu\u015fmas\u0131 i\u00e7in se\u00e7ilen bir \u00fcr\u00fcnd\u00fcr. Farkl\u0131 kullan\u0131m alanlar\u0131 olarak aerosolde itici gaz olarak, kar\u0131\u015f\u0131mlar i\u00e7in dengeleyici gaz olarak kullan\u0131l\u0131r. Biyosidal kullan\u0131mlarda, kalibrasyon gaz\u0131 olarak, kimyasal bile\u015fimlerde, yanma, erime proseslerinde ve yang\u0131n s\u00f6nd\u00fcr\u00fcc\u00fc gaz olarak kullan\u0131lmaktad\u0131r.<\/p>\n","protected":false},"excerpt":{"rendered":"<p>End\u00fcstriyel ve profesyonel olarak kullan\u0131l\u0131r. G\u0131da end\u00fcstrisinde yemeklerin so\u011futulmas\u0131nda ve dondurulmas\u0131nda kullan\u0131l\u0131r. \u00c7\u00f6z\u00fcn\u00fclebilirli\u011fi sayesinde ayn\u0131 zamanda b\u00fct\u00fcn i\u00e7eceklerin i\u00e7inde k\u00f6p\u00fck olu\u015fmas\u0131 i\u00e7in se\u00e7ilen bir \u00fcr\u00fcnd\u00fcr. Farkl\u0131 kullan\u0131m alanlar\u0131 olarak aerosolde itici gaz olarak, kar\u0131\u015f\u0131mlar i\u00e7in dengeleyici gaz olarak kullan\u0131l\u0131r. Biyosidal kullan\u0131mlarda, kalibrasyon gaz\u0131 olarak, kimyasal bile\u015fimlerde, yanma, erime proseslerinde ve yang\u0131n s\u00f6nd\u00fcr\u00fcc\u00fc gaz olarak kullan\u0131lmaktad\u0131r.<\/p>\n","protected":false},"featured_media":1055,"comment_status":"open","ping_status":"closed","template":"","meta":[],"product_cat":[39],"product_tag":[],"class_list":["post-1024","product","type-product","status-publish","has-post-thumbnail","hentry","product_cat-endustriyel-gazlar"],"_links":{"self":[{"href":"https:\/\/merihticaret.com.tr\/index.php\/wp-json\/wp\/v2\/product\/1024","targetHints":{"allow":["GET"]}}],"collection":[{"href":"https:\/\/merihticaret.com.tr\/index.php\/wp-json\/wp\/v2\/product"}],"about":[{"href":"https:\/\/merihticaret.com.tr\/index.php\/wp-json\/wp\/v2\/types\/product"}],"replies":[{"embeddable":true,"href":"https:\/\/merihticaret.com.tr\/index.php\/wp-json\/wp\/v2\/comments?post=1024"}],"wp:featuredmedia":[{"embeddable":true,"href":"https:\/\/merihticaret.com.tr\/index.php\/wp-json\/wp\/v2\/media\/1055"}],"wp:attachment":[{"href":"https:\/\/merihticaret.com.tr\/index.php\/wp-json\/wp\/v2\/media?parent=1024"}],"wp:term":[{"taxonomy":"product_cat","embeddable":true,"href":"https:\/\/merihticaret.com.tr\/index.php\/wp-json\/wp\/v2\/product_cat?post=1024"},{"taxonomy":"product_tag","embeddable":true,"href":"https:\/\/merihticaret.com.tr\/index.php\/wp-json\/wp\/v2\/product_tag?post=1024"}],"curies":[{"name":"wp","href":"https:\/\/api.w.org\/{rel}","templated":true}]}}