{"id":1033,"date":"2021-03-03T09:41:08","date_gmt":"2021-03-03T06:41:08","guid":{"rendered":"http:\/\/merihticaret.com.tr\/index.php\/product\/import-placeholder-for-1048\/"},"modified":"2021-03-03T09:41:13","modified_gmt":"2021-03-03T06:41:13","slug":"corgon-20","status":"publish","type":"product","link":"https:\/\/merihticaret.com.tr\/index.php\/product\/corgon-20\/","title":{"rendered":"Corgon 20"},"content":{"rendered":"<p>Paslanmaz \u00e7eliklerde mig\/mag kayna\u011f\u0131nda kullan\u0131lmaktad\u0131r. D\u00fc\u015f\u00fck ala\u015f\u0131ml\u0131 ve paslanmaz \u00e7eliklerde SG2\/SG3 ve \u00f6zl\u00fc tel kombinasyonlar\u0131 ile kullan\u0131lmaktad\u0131r. (G\u0131da, tekstil ve ila\u00e7 sekt\u00f6r\u00fcnde)<\/p>\n","protected":false},"excerpt":{"rendered":"<p>Paslanmaz \u00e7eliklerde mig\/mag kayna\u011f\u0131nda kullan\u0131lmaktad\u0131r. D\u00fc\u015f\u00fck ala\u015f\u0131ml\u0131 ve paslanmaz \u00e7eliklerde SG2\/SG3 ve \u00f6zl\u00fc tel kombinasyonlar\u0131 ile kullan\u0131lmaktad\u0131r. (G\u0131da, tekstil ve ila\u00e7 sekt\u00f6r\u00fcnde)<\/p>\n","protected":false},"featured_media":1064,"comment_status":"open","ping_status":"closed","template":"","meta":[],"product_cat":[40],"product_tag":[],"class_list":["post-1033","product","type-product","status-publish","has-post-thumbnail","hentry","product_cat-kaynak-gazlari"],"_links":{"self":[{"href":"https:\/\/merihticaret.com.tr\/index.php\/wp-json\/wp\/v2\/product\/1033","targetHints":{"allow":["GET"]}}],"collection":[{"href":"https:\/\/merihticaret.com.tr\/index.php\/wp-json\/wp\/v2\/product"}],"about":[{"href":"https:\/\/merihticaret.com.tr\/index.php\/wp-json\/wp\/v2\/types\/product"}],"replies":[{"embeddable":true,"href":"https:\/\/merihticaret.com.tr\/index.php\/wp-json\/wp\/v2\/comments?post=1033"}],"wp:featuredmedia":[{"embeddable":true,"href":"https:\/\/merihticaret.com.tr\/index.php\/wp-json\/wp\/v2\/media\/1064"}],"wp:attachment":[{"href":"https:\/\/merihticaret.com.tr\/index.php\/wp-json\/wp\/v2\/media?parent=1033"}],"wp:term":[{"taxonomy":"product_cat","embeddable":true,"href":"https:\/\/merihticaret.com.tr\/index.php\/wp-json\/wp\/v2\/product_cat?post=1033"},{"taxonomy":"product_tag","embeddable":true,"href":"https:\/\/merihticaret.com.tr\/index.php\/wp-json\/wp\/v2\/product_tag?post=1033"}],"curies":[{"name":"wp","href":"https:\/\/api.w.org\/{rel}","templated":true}]}}