{"id":1036,"date":"2021-03-03T09:41:09","date_gmt":"2021-03-03T06:41:09","guid":{"rendered":"http:\/\/merihticaret.com.tr\/index.php\/product\/import-placeholder-for-1053\/"},"modified":"2021-03-03T09:41:14","modified_gmt":"2021-03-03T06:41:14","slug":"cronigon-3","status":"publish","type":"product","link":"https:\/\/merihticaret.com.tr\/index.php\/product\/cronigon-3\/","title":{"rendered":"Cronigon 3"},"content":{"rendered":"<p>Paslanmaz \u00e7elik kaynaklar\u0131nda koruyucu gaz atmosferi olu\u015fturmakta kullan\u0131l\u0131r.<\/p>\n","protected":false},"excerpt":{"rendered":"<p>Paslanmaz \u00e7elik kaynaklar\u0131nda koruyucu gaz atmosferi olu\u015fturmakta kullan\u0131l\u0131r.<\/p>\n","protected":false},"featured_media":1062,"comment_status":"open","ping_status":"closed","template":"","meta":[],"product_cat":[40],"product_tag":[],"class_list":["post-1036","product","type-product","status-publish","has-post-thumbnail","hentry","product_cat-kaynak-gazlari"],"_links":{"self":[{"href":"https:\/\/merihticaret.com.tr\/index.php\/wp-json\/wp\/v2\/product\/1036","targetHints":{"allow":["GET"]}}],"collection":[{"href":"https:\/\/merihticaret.com.tr\/index.php\/wp-json\/wp\/v2\/product"}],"about":[{"href":"https:\/\/merihticaret.com.tr\/index.php\/wp-json\/wp\/v2\/types\/product"}],"replies":[{"embeddable":true,"href":"https:\/\/merihticaret.com.tr\/index.php\/wp-json\/wp\/v2\/comments?post=1036"}],"wp:featuredmedia":[{"embeddable":true,"href":"https:\/\/merihticaret.com.tr\/index.php\/wp-json\/wp\/v2\/media\/1062"}],"wp:attachment":[{"href":"https:\/\/merihticaret.com.tr\/index.php\/wp-json\/wp\/v2\/media?parent=1036"}],"wp:term":[{"taxonomy":"product_cat","embeddable":true,"href":"https:\/\/merihticaret.com.tr\/index.php\/wp-json\/wp\/v2\/product_cat?post=1036"},{"taxonomy":"product_tag","embeddable":true,"href":"https:\/\/merihticaret.com.tr\/index.php\/wp-json\/wp\/v2\/product_tag?post=1036"}],"curies":[{"name":"wp","href":"https:\/\/api.w.org\/{rel}","templated":true}]}}