{"id":1039,"date":"2021-03-03T09:41:09","date_gmt":"2021-03-03T06:41:09","guid":{"rendered":"http:\/\/merihticaret.com.tr\/index.php\/product\/import-placeholder-for-1057\/"},"modified":"2024-07-21T15:57:37","modified_gmt":"2024-07-21T12:57:37","slug":"varigon-h5","status":"publish","type":"product","link":"https:\/\/merihticaret.com.tr\/index.php\/product\/varigon-h5\/","title":{"rendered":"Varigon H5"},"content":{"rendered":"<p>Paslanmaz \u00e7elik kayna\u011f\u0131 (Mig\/Mag), tekstil, g\u0131da ve ila\u00e7 sekt\u00f6r\u00fcndeki kan\u015ft\u0131r\u0131c\u0131 ve depolay\u0131c\u0131 tanklarm \u00fcretiminde, \u00f6zel ama\u00e7l\u0131 tekne ve gemilerde g\u00f6vde yap\u0131m\u0131 ve dekoratif ama\u00e7l\u0131 par\u00e7a \u00fcretiminde kullan\u0131l\u0131r<\/p>\n","protected":false},"excerpt":{"rendered":"<p>Paslanmaz \u00e7elik kayna\u011f\u0131 (Mig\/Mag), tekstil, g\u0131da ve ila\u00e7 sekt\u00f6r\u00fcndeki kan\u015ft\u0131r\u0131c\u0131 ve depolay\u0131c\u0131 tanklarm \u00fcretiminde, \u00f6zel ama\u00e7l\u0131 tekne ve gemilerde g\u00f6vde yap\u0131m\u0131 ve dekoratif ama\u00e7l\u0131 par\u00e7a \u00fcretiminde kullan\u0131l\u0131r<\/p>\n","protected":false},"featured_media":1067,"comment_status":"open","ping_status":"closed","template":"","meta":[],"product_cat":[40],"product_tag":[],"class_list":["post-1039","product","type-product","status-publish","has-post-thumbnail","hentry","product_cat-kaynak-gazlari"],"_links":{"self":[{"href":"https:\/\/merihticaret.com.tr\/index.php\/wp-json\/wp\/v2\/product\/1039","targetHints":{"allow":["GET"]}}],"collection":[{"href":"https:\/\/merihticaret.com.tr\/index.php\/wp-json\/wp\/v2\/product"}],"about":[{"href":"https:\/\/merihticaret.com.tr\/index.php\/wp-json\/wp\/v2\/types\/product"}],"replies":[{"embeddable":true,"href":"https:\/\/merihticaret.com.tr\/index.php\/wp-json\/wp\/v2\/comments?post=1039"}],"wp:featuredmedia":[{"embeddable":true,"href":"https:\/\/merihticaret.com.tr\/index.php\/wp-json\/wp\/v2\/media\/1067"}],"wp:attachment":[{"href":"https:\/\/merihticaret.com.tr\/index.php\/wp-json\/wp\/v2\/media?parent=1039"}],"wp:term":[{"taxonomy":"product_cat","embeddable":true,"href":"https:\/\/merihticaret.com.tr\/index.php\/wp-json\/wp\/v2\/product_cat?post=1039"},{"taxonomy":"product_tag","embeddable":true,"href":"https:\/\/merihticaret.com.tr\/index.php\/wp-json\/wp\/v2\/product_tag?post=1039"}],"curies":[{"name":"wp","href":"https:\/\/api.w.org\/{rel}","templated":true}]}}