{"id":1046,"date":"2021-03-03T09:41:09","date_gmt":"2021-03-03T06:41:09","guid":{"rendered":"http:\/\/merihticaret.com.tr\/index.php\/product\/import-placeholder-for-1067\/"},"modified":"2021-03-03T09:41:16","modified_gmt":"2021-03-03T06:41:16","slug":"kok-gazi-98-2","status":"publish","type":"product","link":"https:\/\/merihticaret.com.tr\/index.php\/product\/kok-gazi-98-2\/","title":{"rendered":"K\u00f6k Gaz\u0131 98\/2"},"content":{"rendered":"<p class=\"product-details-info-text\">Paslanmaz \u00e7elik veya titanyum gibi reaktif metallerin kayna\u011f\u0131nda k\u00f6k koruma gaz\u0131n\u0131n do\u011fru kullan\u0131m\u0131 zorunluluktur. Yaln\u0131zca k\u00f6k koruma y\u00f6ntemi malzemenin korozyon direncini tam olarak muhafaza edebilir.<\/p>\n","protected":false},"excerpt":{"rendered":"<p>Paslanmaz \u00e7elik veya titanyum gibi reaktif metallerin kayna\u011f\u0131nda k\u00f6k koruma gaz\u0131n\u0131n do\u011fru kullan\u0131m\u0131 zorunluluktur. Yaln\u0131zca k\u00f6k koruma y\u00f6ntemi malzemenin korozyon direncini tam olarak muhafaza edebilir.<\/p>\n","protected":false},"featured_media":1068,"comment_status":"open","ping_status":"closed","template":"","meta":[],"product_cat":[40],"product_tag":[],"class_list":["post-1046","product","type-product","status-publish","has-post-thumbnail","hentry","product_cat-kaynak-gazlari"],"_links":{"self":[{"href":"https:\/\/merihticaret.com.tr\/index.php\/wp-json\/wp\/v2\/product\/1046","targetHints":{"allow":["GET"]}}],"collection":[{"href":"https:\/\/merihticaret.com.tr\/index.php\/wp-json\/wp\/v2\/product"}],"about":[{"href":"https:\/\/merihticaret.com.tr\/index.php\/wp-json\/wp\/v2\/types\/product"}],"replies":[{"embeddable":true,"href":"https:\/\/merihticaret.com.tr\/index.php\/wp-json\/wp\/v2\/comments?post=1046"}],"wp:featuredmedia":[{"embeddable":true,"href":"https:\/\/merihticaret.com.tr\/index.php\/wp-json\/wp\/v2\/media\/1068"}],"wp:attachment":[{"href":"https:\/\/merihticaret.com.tr\/index.php\/wp-json\/wp\/v2\/media?parent=1046"}],"wp:term":[{"taxonomy":"product_cat","embeddable":true,"href":"https:\/\/merihticaret.com.tr\/index.php\/wp-json\/wp\/v2\/product_cat?post=1046"},{"taxonomy":"product_tag","embeddable":true,"href":"https:\/\/merihticaret.com.tr\/index.php\/wp-json\/wp\/v2\/product_tag?post=1046"}],"curies":[{"name":"wp","href":"https:\/\/api.w.org\/{rel}","templated":true}]}}