{"id":1077,"date":"2021-03-03T09:41:18","date_gmt":"2021-03-03T06:41:18","guid":{"rendered":"http:\/\/merihticaret.com.tr\/index.php\/product\/import-placeholder-for-1078\/"},"modified":"2021-03-03T09:41:20","modified_gmt":"2021-03-03T06:41:20","slug":"biogon-nc-60","status":"publish","type":"product","link":"https:\/\/merihticaret.com.tr\/index.php\/product\/biogon-nc-60\/","title":{"rendered":"Biogon NC 60"},"content":{"rendered":"<p class=\"product-details-info-text\">G\u0131dalar\u0131n tazeli\u011finin korunmas\u0131, do\u011fal g\u00f6r\u00fcnmes, ve yapay koruyucu kullanmadan raf \u00f6mr\u00fcn\u00fcn uzat\u0131lmas\u0131 i\u00e7in kullan\u0131lan koruyucu atmosfer gaz\u0131d\u0131r. \u00c7i\u011f bal\u0131k, unlu \u00fcr\u00fcnler, \u00e7i\u011f beyaz et, haz\u0131r yemekler ve sert peynirler gibi g\u0131dalar\u0131n paketlenmesinde kullan\u0131l\u0131r.<\/p>\n","protected":false},"excerpt":{"rendered":"<p>G\u0131dalar\u0131n tazeli\u011finin korunmas\u0131, do\u011fal g\u00f6r\u00fcnmes, ve yapay koruyucu kullanmadan raf \u00f6mr\u00fcn\u00fcn uzat\u0131lmas\u0131 i\u00e7in kullan\u0131lan koruyucu atmosfer gaz\u0131d\u0131r. \u00c7i\u011f bal\u0131k, unlu \u00fcr\u00fcnler, \u00e7i\u011f beyaz et, haz\u0131r yemekler ve sert peynirler gibi g\u0131dalar\u0131n paketlenmesinde kullan\u0131l\u0131r.<\/p>\n","protected":false},"featured_media":1071,"comment_status":"open","ping_status":"closed","template":"","meta":[],"product_cat":[41],"product_tag":[],"class_list":["post-1077","product","type-product","status-publish","has-post-thumbnail","hentry","product_cat-gida-gazlari"],"_links":{"self":[{"href":"https:\/\/merihticaret.com.tr\/index.php\/wp-json\/wp\/v2\/product\/1077","targetHints":{"allow":["GET"]}}],"collection":[{"href":"https:\/\/merihticaret.com.tr\/index.php\/wp-json\/wp\/v2\/product"}],"about":[{"href":"https:\/\/merihticaret.com.tr\/index.php\/wp-json\/wp\/v2\/types\/product"}],"replies":[{"embeddable":true,"href":"https:\/\/merihticaret.com.tr\/index.php\/wp-json\/wp\/v2\/comments?post=1077"}],"wp:featuredmedia":[{"embeddable":true,"href":"https:\/\/merihticaret.com.tr\/index.php\/wp-json\/wp\/v2\/media\/1071"}],"wp:attachment":[{"href":"https:\/\/merihticaret.com.tr\/index.php\/wp-json\/wp\/v2\/media?parent=1077"}],"wp:term":[{"taxonomy":"product_cat","embeddable":true,"href":"https:\/\/merihticaret.com.tr\/index.php\/wp-json\/wp\/v2\/product_cat?post=1077"},{"taxonomy":"product_tag","embeddable":true,"href":"https:\/\/merihticaret.com.tr\/index.php\/wp-json\/wp\/v2\/product_tag?post=1077"}],"curies":[{"name":"wp","href":"https:\/\/api.w.org\/{rel}","templated":true}]}}