{"id":1082,"date":"2021-03-03T09:41:18","date_gmt":"2021-03-03T06:41:18","guid":{"rendered":"http:\/\/merihticaret.com.tr\/index.php\/product\/import-placeholder-for-1084\/"},"modified":"2021-03-03T09:41:21","modified_gmt":"2021-03-03T06:41:21","slug":"biogon-oc-25","status":"publish","type":"product","link":"https:\/\/merihticaret.com.tr\/index.php\/product\/biogon-oc-25\/","title":{"rendered":"Biogon OC 25"},"content":{"rendered":"<p class=\"product-details-info-text\">G\u0131dalar\u0131n tazeli\u011finin korunmas\u0131, do\u011fal g\u00f6r\u00fcnmes, ve yapay koruyucu kullanmadan raf \u00f6mr\u00fcn\u00fcn uzat\u0131lmas\u0131 i\u00e7in kullan\u0131lan koruyucu atmosfer gaz\u0131d\u0131r. Sadece Oksijen i\u00e7eren gazd\u0131r. Kr\u0131mz\u0131 ette kullan\u0131labilir.<\/p>\n","protected":false},"excerpt":{"rendered":"<p>G\u0131dalar\u0131n tazeli\u011finin korunmas\u0131, do\u011fal g\u00f6r\u00fcnmes, ve yapay koruyucu kullanmadan raf \u00f6mr\u00fcn\u00fcn uzat\u0131lmas\u0131 i\u00e7in kullan\u0131lan koruyucu atmosfer gaz\u0131d\u0131r. Sadece Oksijen i\u00e7eren gazd\u0131r. Kr\u0131mz\u0131 ette kullan\u0131labilir.<\/p>\n","protected":false},"featured_media":1102,"comment_status":"open","ping_status":"closed","template":"","meta":[],"product_cat":[41],"product_tag":[],"class_list":["post-1082","product","type-product","status-publish","has-post-thumbnail","hentry","product_cat-gida-gazlari"],"_links":{"self":[{"href":"https:\/\/merihticaret.com.tr\/index.php\/wp-json\/wp\/v2\/product\/1082","targetHints":{"allow":["GET"]}}],"collection":[{"href":"https:\/\/merihticaret.com.tr\/index.php\/wp-json\/wp\/v2\/product"}],"about":[{"href":"https:\/\/merihticaret.com.tr\/index.php\/wp-json\/wp\/v2\/types\/product"}],"replies":[{"embeddable":true,"href":"https:\/\/merihticaret.com.tr\/index.php\/wp-json\/wp\/v2\/comments?post=1082"}],"wp:featuredmedia":[{"embeddable":true,"href":"https:\/\/merihticaret.com.tr\/index.php\/wp-json\/wp\/v2\/media\/1102"}],"wp:attachment":[{"href":"https:\/\/merihticaret.com.tr\/index.php\/wp-json\/wp\/v2\/media?parent=1082"}],"wp:term":[{"taxonomy":"product_cat","embeddable":true,"href":"https:\/\/merihticaret.com.tr\/index.php\/wp-json\/wp\/v2\/product_cat?post=1082"},{"taxonomy":"product_tag","embeddable":true,"href":"https:\/\/merihticaret.com.tr\/index.php\/wp-json\/wp\/v2\/product_tag?post=1082"}],"curies":[{"name":"wp","href":"https:\/\/api.w.org\/{rel}","templated":true}]}}