{"id":1122,"date":"2021-03-03T09:41:26","date_gmt":"2021-03-03T06:41:26","guid":{"rendered":"http:\/\/merihticaret.com.tr\/index.php\/product\/import-placeholder-for-1128\/"},"modified":"2021-03-03T09:41:30","modified_gmt":"2021-03-03T06:41:30","slug":"eldiven-heavy-no10","status":"publish","type":"product","link":"https:\/\/merihticaret.com.tr\/index.php\/product\/eldiven-heavy-no10\/","title":{"rendered":"Eldiven Heavy NO:10"},"content":{"rendered":"<p class=\"product-details-info-text\">Linde kaynak\u00e7\u0131 i\u015f g\u00fcvenli\u011fi ekipmanlar\u0131 operat\u00f6rlerin i\u015f kazalar\u0131na neden olmayacak \u00f6zelliklerde, ilgili standartlara uygun olarak \u00fcretilmi\u015flerdir. Tasar\u0131mda emniyetin yan\u0131 s\u0131ra operat\u00f6r\u00fcn konforu da d\u00fc\u015f\u00fcn\u00fclm\u00fc\u015ft\u00fcr. Benzersiz a\u015f\u0131nma ve delinme direncine sahip \u00fcr\u00fcnler, koku ve alerji yapmayan birinci kalite ke\u00e7i ve s\u0131\u011f\u0131r derisi kullan\u0131larak imal edilmi\u015ftir. B\u00fct\u00fcn diki\u015fler yanmaya ve kopmaya kar\u015f\u0131 y\u00fcksek dayan\u0131ma sahip Kevlar\u00ae iplik ile dikilmi\u015ftir. Genel olarak eldivenlerde sa\u011flanmas\u0131 gereken standartlar EN 420, EN 388 ve EN 407 olup, ilgili k\u0131saltmalar a\u015fa\u011f\u0131da g\u00f6sterilmi\u015ftir.<\/p>\n","protected":false},"excerpt":{"rendered":"<p class=\"product-details-info-text\">Linde kaynak\u00e7\u0131 i\u015f g\u00fcvenli\u011fi ekipmanlar\u0131 operat\u00f6rlerin i\u015f kazalar\u0131na neden olmayacak \u00f6zelliklerde, ilgili standartlara uygun olarak \u00fcretilmi\u015flerdir. Tasar\u0131mda emniyetin yan\u0131 s\u0131ra operat\u00f6r\u00fcn konforu da d\u00fc\u015f\u00fcn\u00fclm\u00fc\u015ft\u00fcr. Benzersiz a\u015f\u0131nma ve delinme direncine sahip \u00fcr\u00fcnler, koku ve alerji yapmayan birinci kalite ke\u00e7i ve s\u0131\u011f\u0131r derisi kullan\u0131larak imal edilmi\u015ftir. B\u00fct\u00fcn diki\u015fler yanmaya ve kopmaya kar\u015f\u0131 y\u00fcksek dayan\u0131ma sahip Kevlar\u00ae iplik ile dikilmi\u015ftir. Genel olarak eldivenlerde sa\u011flanmas\u0131 gereken standartlar EN 420, EN 388 ve EN 407 olup, ilgili k\u0131saltmalar a\u015fa\u011f\u0131da g\u00f6sterilmi\u015ftir.<\/p>\n","protected":false},"featured_media":1149,"comment_status":"open","ping_status":"closed","template":"","meta":[],"product_cat":[44],"product_tag":[],"class_list":["post-1122","product","type-product","status-publish","has-post-thumbnail","hentry","product_cat-koruyucu-ekipmanlar"],"_links":{"self":[{"href":"https:\/\/merihticaret.com.tr\/index.php\/wp-json\/wp\/v2\/product\/1122","targetHints":{"allow":["GET"]}}],"collection":[{"href":"https:\/\/merihticaret.com.tr\/index.php\/wp-json\/wp\/v2\/product"}],"about":[{"href":"https:\/\/merihticaret.com.tr\/index.php\/wp-json\/wp\/v2\/types\/product"}],"replies":[{"embeddable":true,"href":"https:\/\/merihticaret.com.tr\/index.php\/wp-json\/wp\/v2\/comments?post=1122"}],"wp:featuredmedia":[{"embeddable":true,"href":"https:\/\/merihticaret.com.tr\/index.php\/wp-json\/wp\/v2\/media\/1149"}],"wp:attachment":[{"href":"https:\/\/merihticaret.com.tr\/index.php\/wp-json\/wp\/v2\/media?parent=1122"}],"wp:term":[{"taxonomy":"product_cat","embeddable":true,"href":"https:\/\/merihticaret.com.tr\/index.php\/wp-json\/wp\/v2\/product_cat?post=1122"},{"taxonomy":"product_tag","embeddable":true,"href":"https:\/\/merihticaret.com.tr\/index.php\/wp-json\/wp\/v2\/product_tag?post=1122"}],"curies":[{"name":"wp","href":"https:\/\/api.w.org\/{rel}","templated":true}]}}