{"id":1125,"date":"2021-03-03T09:41:26","date_gmt":"2021-03-03T06:41:26","guid":{"rendered":"http:\/\/merihticaret.com.tr\/index.php\/product\/import-placeholder-for-1134\/"},"modified":"2021-03-03T09:41:31","modified_gmt":"2021-03-03T06:41:31","slug":"regulator-arkasi-alev-tutucu-yanici-gaz","status":"publish","type":"product","link":"https:\/\/merihticaret.com.tr\/index.php\/product\/regulator-arkasi-alev-tutucu-yanici-gaz\/","title":{"rendered":"Reg\u00fclat\u00f6r Arkas\u0131 Alev Tutucu Yan\u0131c\u0131 Gaz"},"content":{"rendered":"<p class=\"product-details-info-text\">Linde alev tutucular\u0131, en y\u00fcksek imalat standartlar\u0131n\u0131 kar\u015f\u0131layacak \u015fekilde titizlikle \u00fcretilmi\u015f, montajlanm\u0131\u015f be teker teker test edilmi\u015ftir. Linde alev tutucular\u0131n\u0131n \u00fcst\u00fcn kalitesi, onlar\u0131 Linde \u00fcr\u00fcn grubu i\u00e7in elzem k\u0131lmaktad\u0131r.<\/p>\n","protected":false},"excerpt":{"rendered":"<p class=\"product-details-info-text\">Linde alev tutucular\u0131, en y\u00fcksek imalat standartlar\u0131n\u0131 kar\u015f\u0131layacak \u015fekilde titizlikle \u00fcretilmi\u015f, montajlanm\u0131\u015f be teker teker test edilmi\u015ftir. Linde alev tutucular\u0131n\u0131n \u00fcst\u00fcn kalitesi, onlar\u0131 Linde \u00fcr\u00fcn grubu i\u00e7in elzem k\u0131lmaktad\u0131r.<\/p>\n","protected":false},"featured_media":1152,"comment_status":"open","ping_status":"closed","template":"","meta":[],"product_cat":[45],"product_tag":[],"class_list":["post-1125","product","type-product","status-publish","has-post-thumbnail","hentry","product_cat-alev-tutucular"],"_links":{"self":[{"href":"https:\/\/merihticaret.com.tr\/index.php\/wp-json\/wp\/v2\/product\/1125","targetHints":{"allow":["GET"]}}],"collection":[{"href":"https:\/\/merihticaret.com.tr\/index.php\/wp-json\/wp\/v2\/product"}],"about":[{"href":"https:\/\/merihticaret.com.tr\/index.php\/wp-json\/wp\/v2\/types\/product"}],"replies":[{"embeddable":true,"href":"https:\/\/merihticaret.com.tr\/index.php\/wp-json\/wp\/v2\/comments?post=1125"}],"wp:featuredmedia":[{"embeddable":true,"href":"https:\/\/merihticaret.com.tr\/index.php\/wp-json\/wp\/v2\/media\/1152"}],"wp:attachment":[{"href":"https:\/\/merihticaret.com.tr\/index.php\/wp-json\/wp\/v2\/media?parent=1125"}],"wp:term":[{"taxonomy":"product_cat","embeddable":true,"href":"https:\/\/merihticaret.com.tr\/index.php\/wp-json\/wp\/v2\/product_cat?post=1125"},{"taxonomy":"product_tag","embeddable":true,"href":"https:\/\/merihticaret.com.tr\/index.php\/wp-json\/wp\/v2\/product_tag?post=1125"}],"curies":[{"name":"wp","href":"https:\/\/api.w.org\/{rel}","templated":true}]}}