{"id":1129,"date":"2021-03-03T09:41:27","date_gmt":"2021-03-03T06:41:27","guid":{"rendered":"http:\/\/merihticaret.com.tr\/index.php\/product\/import-placeholder-for-1143\/"},"modified":"2022-11-12T15:53:09","modified_gmt":"2022-11-12T12:53:09","slug":"lc-azot-sivi-kamcisi","status":"publish","type":"product","link":"https:\/\/merihticaret.com.tr\/index.php\/product\/lc-azot-sivi-kamcisi\/","title":{"rendered":"LC Azot S\u0131v\u0131 Kam\u00e7\u0131s\u0131"},"content":{"rendered":"<p class=\"product-details-info-text\">S\u0131v\u0131 \u00fcr\u00fcn kullan\u0131m\u0131 i\u00e7in tasarlanm\u0131\u015f ekipmand\u0131r.<\/p>\n","protected":false},"excerpt":{"rendered":"<p class=\"product-details-info-text\">S\u0131v\u0131 \u00fcr\u00fcn kullan\u0131m\u0131 i\u00e7in tasarlanm\u0131\u015f ekipmand\u0131r.<\/p>\n","protected":false},"featured_media":1156,"comment_status":"open","ping_status":"closed","template":"","meta":[],"product_cat":[46],"product_tag":[],"class_list":["post-1129","product","type-product","status-publish","has-post-thumbnail","hentry","product_cat-hortumlar"],"_links":{"self":[{"href":"https:\/\/merihticaret.com.tr\/index.php\/wp-json\/wp\/v2\/product\/1129","targetHints":{"allow":["GET"]}}],"collection":[{"href":"https:\/\/merihticaret.com.tr\/index.php\/wp-json\/wp\/v2\/product"}],"about":[{"href":"https:\/\/merihticaret.com.tr\/index.php\/wp-json\/wp\/v2\/types\/product"}],"replies":[{"embeddable":true,"href":"https:\/\/merihticaret.com.tr\/index.php\/wp-json\/wp\/v2\/comments?post=1129"}],"wp:featuredmedia":[{"embeddable":true,"href":"https:\/\/merihticaret.com.tr\/index.php\/wp-json\/wp\/v2\/media\/1156"}],"wp:attachment":[{"href":"https:\/\/merihticaret.com.tr\/index.php\/wp-json\/wp\/v2\/media?parent=1129"}],"wp:term":[{"taxonomy":"product_cat","embeddable":true,"href":"https:\/\/merihticaret.com.tr\/index.php\/wp-json\/wp\/v2\/product_cat?post=1129"},{"taxonomy":"product_tag","embeddable":true,"href":"https:\/\/merihticaret.com.tr\/index.php\/wp-json\/wp\/v2\/product_tag?post=1129"}],"curies":[{"name":"wp","href":"https:\/\/api.w.org\/{rel}","templated":true}]}}