{"id":1178,"date":"2021-03-03T09:41:39","date_gmt":"2021-03-03T06:41:39","guid":{"rendered":"http:\/\/merihticaret.com.tr\/index.php\/product\/import-placeholder-for-1187\/"},"modified":"2025-03-24T00:24:55","modified_gmt":"2025-03-23T21:24:55","slug":"karbondioksit-regulatoru-0-10-bar-32l-dakika","status":"publish","type":"product","link":"https:\/\/merihticaret.com.tr\/index.php\/product\/karbondioksit-regulatoru-0-10-bar-32l-dakika\/","title":{"rendered":"Karbondioksit Reg\u00fclat\u00f6r\u00fc (0-10 bar, 32L\/Dakika)"},"content":{"rendered":"<p class=\"product-details-info-text\">Linde reg\u00fclat\u00f6rleri EN-ISO-2503 standartlar\u0131na uygun olarak imal edilmi\u015ftir. Linde t\u00fcplerine uyumlu olarak \u00fcretilen reg\u00fclat\u00f6rler i\u00e7in sat\u0131\u015f sonras\u0131 bak\u0131m ve onar\u0131m hizmeti verilmektedir. Giri\u015f bas\u0131nc\u0131 230 bar, reg\u00fclat\u00f6r \u00e7\u0131k\u015f bas\u0131nc\u0131 0-10 bar&#8217;d\u0131r. \u00dcr\u00fcn kodu 972_BR&#8217;dir.<\/p>\n","protected":false},"excerpt":{"rendered":"<p class=\"product-details-info-text\">Linde reg\u00fclat\u00f6rleri EN-ISO-2503 standartlar\u0131na uygun olarak imal edilmi\u015ftir. Linde t\u00fcplerine uyumlu olarak \u00fcretilen reg\u00fclat\u00f6rler i\u00e7in sat\u0131\u015f sonras\u0131 bak\u0131m ve onar\u0131m hizmeti verilmektedir. Giri\u015f bas\u0131nc\u0131 230 bar, reg\u00fclat\u00f6r \u00e7\u0131k\u015f bas\u0131nc\u0131 0-10 bar&#8217;d\u0131r. \u00dcr\u00fcn kodu 972_BR&#8217;dir.<\/p>\n","protected":false},"featured_media":1190,"comment_status":"open","ping_status":"closed","template":"","meta":[],"product_cat":[48],"product_tag":[],"class_list":["post-1178","product","type-product","status-publish","has-post-thumbnail","hentry","product_cat-regulator"],"_links":{"self":[{"href":"https:\/\/merihticaret.com.tr\/index.php\/wp-json\/wp\/v2\/product\/1178","targetHints":{"allow":["GET"]}}],"collection":[{"href":"https:\/\/merihticaret.com.tr\/index.php\/wp-json\/wp\/v2\/product"}],"about":[{"href":"https:\/\/merihticaret.com.tr\/index.php\/wp-json\/wp\/v2\/types\/product"}],"replies":[{"embeddable":true,"href":"https:\/\/merihticaret.com.tr\/index.php\/wp-json\/wp\/v2\/comments?post=1178"}],"wp:featuredmedia":[{"embeddable":true,"href":"https:\/\/merihticaret.com.tr\/index.php\/wp-json\/wp\/v2\/media\/1190"}],"wp:attachment":[{"href":"https:\/\/merihticaret.com.tr\/index.php\/wp-json\/wp\/v2\/media?parent=1178"}],"wp:term":[{"taxonomy":"product_cat","embeddable":true,"href":"https:\/\/merihticaret.com.tr\/index.php\/wp-json\/wp\/v2\/product_cat?post=1178"},{"taxonomy":"product_tag","embeddable":true,"href":"https:\/\/merihticaret.com.tr\/index.php\/wp-json\/wp\/v2\/product_tag?post=1178"}],"curies":[{"name":"wp","href":"https:\/\/api.w.org\/{rel}","templated":true}]}}