{"id":1184,"date":"2021-03-03T09:41:40","date_gmt":"2021-03-03T06:41:40","guid":{"rendered":"http:\/\/merihticaret.com.tr\/index.php\/product\/import-placeholder-for-1199\/"},"modified":"2021-03-03T09:41:44","modified_gmt":"2021-03-03T06:41:44","slug":"tek-kademeli-asetilen-regulatoru-0-15-bar","status":"publish","type":"product","link":"https:\/\/merihticaret.com.tr\/index.php\/product\/tek-kademeli-asetilen-regulatoru-0-15-bar\/","title":{"rendered":"Tek Kademeli Asetilen Reg\u00fclat\u00f6r\u00fc (0-1,5 bar)"},"content":{"rendered":"<p class=\"product-details-info-text\">Linde reg\u00fclat\u00f6rleri EN-ISO-2503 standartlar\u0131na uygun olarak imal edilmi\u015ftir. Linde t\u00fcplerine uyumlu olarak \u00fcretilen reg\u00fclat\u00f6rler i\u00e7in sat\u0131\u015f sonras\u0131 bak\u0131m ve onar\u0131m hizmeti verilmektedir. Giri\u015f bas\u0131nc\u0131 25 bar, reg\u00fclat\u00f6r \u00e7\u0131k\u015f bas\u0131nc\u0131 0-1,5 bar&#8217;d\u0131r. \u00dcr\u00fcn kodu 978&#8217;dir.<\/p>\n","protected":false},"excerpt":{"rendered":"<p class=\"product-details-info-text\">Linde reg\u00fclat\u00f6rleri EN-ISO-2503 standartlar\u0131na uygun olarak imal edilmi\u015ftir. Linde t\u00fcplerine uyumlu olarak \u00fcretilen reg\u00fclat\u00f6rler i\u00e7in sat\u0131\u015f sonras\u0131 bak\u0131m ve onar\u0131m hizmeti verilmektedir. Giri\u015f bas\u0131nc\u0131 25 bar, reg\u00fclat\u00f6r \u00e7\u0131k\u015f bas\u0131nc\u0131 0-1,5 bar&#8217;d\u0131r. \u00dcr\u00fcn kodu 978&#8217;dir.<\/p>\n","protected":false},"featured_media":1196,"comment_status":"open","ping_status":"closed","template":"","meta":[],"product_cat":[48],"product_tag":[],"class_list":["post-1184","product","type-product","status-publish","has-post-thumbnail","hentry","product_cat-regulator"],"_links":{"self":[{"href":"https:\/\/merihticaret.com.tr\/index.php\/wp-json\/wp\/v2\/product\/1184","targetHints":{"allow":["GET"]}}],"collection":[{"href":"https:\/\/merihticaret.com.tr\/index.php\/wp-json\/wp\/v2\/product"}],"about":[{"href":"https:\/\/merihticaret.com.tr\/index.php\/wp-json\/wp\/v2\/types\/product"}],"replies":[{"embeddable":true,"href":"https:\/\/merihticaret.com.tr\/index.php\/wp-json\/wp\/v2\/comments?post=1184"}],"wp:featuredmedia":[{"embeddable":true,"href":"https:\/\/merihticaret.com.tr\/index.php\/wp-json\/wp\/v2\/media\/1196"}],"wp:attachment":[{"href":"https:\/\/merihticaret.com.tr\/index.php\/wp-json\/wp\/v2\/media?parent=1184"}],"wp:term":[{"taxonomy":"product_cat","embeddable":true,"href":"https:\/\/merihticaret.com.tr\/index.php\/wp-json\/wp\/v2\/product_cat?post=1184"},{"taxonomy":"product_tag","embeddable":true,"href":"https:\/\/merihticaret.com.tr\/index.php\/wp-json\/wp\/v2\/product_tag?post=1184"}],"curies":[{"name":"wp","href":"https:\/\/api.w.org\/{rel}","templated":true}]}}